{"id":1171,"date":"2020-10-02T14:40:42","date_gmt":"2020-10-02T18:40:42","guid":{"rendered":"http:\/\/ajsext.com\/politiques-achat-en-ligne\/"},"modified":"2021-01-07T10:13:52","modified_gmt":"2021-01-07T15:13:52","slug":"online-shopping-policy","status":"publish","type":"page","link":"https:\/\/www.ajsext.com\/en\/online-shopping-policy\/","title":{"rendered":"Online Shopping Policy"},"content":{"rendered":"\r\n<p>Retrouvez toutes les informations n\u00e9cessaires \u00e0 vos achats en ligne sur cette page.<br \/>Pour plus d&#8217;informations, n&#8217;h\u00e9sitez pas \u00e0 contacter notre service \u00e0 la client\u00e8le : <strong>info@ajsext.com<\/strong><br \/><strong>T\u00e9l.: 450 926-3193<\/strong><\/p>\r\n<h2>Exp\u00e9dition et manutention<\/h2>\r\n<p>La livraison standard est offerte pour toute commande en ligne. AJS Extermination vous offre la livraison rapide \u00e0 un frais fixe de 14,95 $, peu importe la quantit\u00e9 de produits command\u00e9s. Les frais d&#8217;exp\u00e9dition sont sujets \u00e0 changements et sont taxables. Les d\u00e9tails sont affich\u00e9 au moment de passer votre commande.<\/p>\r\n<p>Les d\u00e9lais de livraison ne peuvent \u00eatre garanti. Certains transporteurs ont des restrictions et AJS Extermination d\u00e9termine le meilleur transporteur selon la liste de produits command\u00e9s et s&#8217;engage \u00e0 exp\u00e9dier la marchandise en moins de 72h ouvrable apr\u00e8s votre commande.<\/p>\r\n<p>La livraison est actuellement disponible au Qu\u00e9bec seulement.<\/p>\r\n<h2>Paiement<\/h2>\r\n<p>Le site ajsext.com accepte les types de paiements suivant :<\/p>\r\n<ul>\r\n<li>Visa<\/li>\r\n<li>Mastercard<\/li>\r\n<\/ul>\r\n<h2>Retours et \u00e9changes<\/h2>\r\n<p>Le retour de marchandise est possible dans les 15 jours suivants la date d&#8217;achat. L&#8217;article doit \u00eatre \u00e0 l&#8217;<strong>\u00e9tat neuf<\/strong> : c&#8217;est-\u00e0-dire, non endommag\u00e9, propre, sans odeur, sans poils d&#8217;animaux ainsi qu&#8217;avec les \u00e9tiquettes et l&#8217;emballage d&#8217;origine. Il est possible de retourner les produits command\u00e9s de deux fa\u00e7ons diff\u00e9rente :<\/p>\r\n<ul>\r\n<li>Par le transporteur de votre choix : Emballez soigneusement les articles dans une boite solide adapt\u00e9e au transport. Vous \u00eates responsable de l&#8217;exp\u00e9dition des produits \u00e0 notre magasin. Nous d\u00e9duirons du remboursement un montant de 14.99$ + taxes afin de couvrir les frais postaux li\u00e9s \u00e0 l&#8217;envoi initiaux des articles. Les frais d&#8217;exp\u00e9dition du retour sont \u00e0 votre charge. Une copie de la facture originale doit \u00eatre incluse dans la boite pour avoir droit au remboursement.<\/li>\r\n<li>Retours en magasin : Les articles peuvent \u00eatre retourn\u00e9s facilement en magasin. Il vous suffit de vous pr\u00e9senter \u00e0 notre magasin a Greenfield Park lors des heures d&#8217;ouvertures normale. AJS Extermination remboursera enti\u00e8rement le co\u00fbt des articles <strong>moins les frais de transport initiaux<\/strong> (non-remboursable).<\/li>\r\n<\/ul>\r\n<h2>Limites<\/h2>\r\n<p>Nous nous r\u00e9servons le droit de refuser toute commande que vous passez sur notre site Web. Nous pouvons, \u00e0 notre enti\u00e8re discr\u00e9tion, limiter ou annuler les quantit\u00e9s achet\u00e9es par personne, par foyer ou par commande. Ces restrictions peuvent inclure les commandes pass\u00e9es par ou sous le m\u00eame compte client, la m\u00eame carte de cr\u00e9dit et\/ou les commandes dont l&#8217;adresse de facturation et\/ou d&#8217;exp\u00e9dition est identique.<\/p>\r\n<h2>Stock<\/h2>\r\n<p>La disponibilit\u00e9 des articles offerts sur notre site web peut changer sans pr\u00e9avis. Il est possible qu&#8217;un article manque \u00e0 l&#8217;inventaire lorsque vous passez votre commande.<\/p>\r\n<p>Il peut nous arriver \u00e0 l&#8217;occasion de devoir annuler une commande pass\u00e9e sur notre site web si, par exemple, les articles command\u00e9s ne peuvent pas \u00eatre exp\u00e9di\u00e9s en raison d&#8217;un impr\u00e9vu ou de l&#8217;absence de stock suffisant en magasin. Advenant une situation comme celle-ci, notre \u00e9quipe communiquera avec vous pour vous proposer un produit similaire ou proc\u00e9der au remboursement complet de la commande.<\/p>\r\n<p>&nbsp;<\/p>\r\n","protected":false},"excerpt":{"rendered":"<p>Retrouvez toutes les informations n\u00e9cessaires \u00e0 vos achats en ligne sur cette page.Pour plus d&#8217;informations, n&#8217;h\u00e9sitez pas \u00e0 contacter notre service \u00e0 la client\u00e8le : info@ajsext.comT\u00e9l.: 450 926-3193 Exp\u00e9dition et manutention La livraison standard est offerte pour toute commande en ligne. AJS Extermination vous offre la livraison rapide \u00e0 un frais fixe de 14,95 $, [&hellip;]<\/p>\n","protected":false},"author":83,"featured_media":0,"parent":0,"menu_order":0,"comment_status":"closed","ping_status":"closed","template":"","meta":{"_acf_changed":false,"_seopress_robots_primary_cat":"","_seopress_titles_title":"","_seopress_titles_desc":"Find all the information you need to make your online purchases on this page. Don't hesitate to contact us if you need more information.","_seopress_robots_index":"","inline_featured_image":false,"site-sidebar-layout":"no-sidebar","site-content-layout":"page-builder","ast-site-content-layout":"default","site-content-style":"default","site-sidebar-style":"default","ast-global-header-display":"","ast-banner-title-visibility":"","ast-main-header-display":"","ast-hfb-above-header-display":"","ast-hfb-below-header-display":"","ast-hfb-mobile-header-display":"","site-post-title":"disabled","ast-breadcrumbs-content":"","ast-featured-img":"disabled","footer-sml-layout":"","ast-disable-related-posts":"","theme-transparent-header-meta":"default","adv-header-id-meta":"","stick-header-meta":"","header-above-stick-meta":"","header-main-stick-meta":"","header-below-stick-meta":"","astra-migrate-meta-layouts":"default","ast-page-background-enabled":"default","ast-page-background-meta":{"desktop":{"background-color":"","background-image":"","background-repeat":"repeat","background-position":"center center","background-size":"auto","background-attachment":"scroll","background-type":"","background-media":"","overlay-type":"","overlay-color":"","overlay-opacity":"","overlay-gradient":""},"tablet":{"background-color":"","background-image":"","background-repeat":"repeat","background-position":"center center","background-size":"auto","background-attachment":"scroll","background-type":"","background-media":"","overlay-type":"","overlay-color":"","overlay-opacity":"","overlay-gradient":""},"mobile":{"background-color":"","background-image":"","background-repeat":"repeat","background-position":"center center","background-size":"auto","background-attachment":"scroll","background-type":"","background-media":"","overlay-type":"","overlay-color":"","overlay-opacity":"","overlay-gradient":""}},"ast-content-background-meta":{"desktop":{"background-color":"var(--ast-global-color-5)","background-image":"","background-repeat":"repeat","background-position":"center center","background-size":"auto","background-attachment":"scroll","background-type":"","background-media":"","overlay-type":"","overlay-color":"","overlay-opacity":"","overlay-gradient":""},"tablet":{"background-color":"var(--ast-global-color-5)","background-image":"","background-repeat":"repeat","background-position":"center center","background-size":"auto","background-attachment":"scroll","background-type":"","background-media":"","overlay-type":"","overlay-color":"","overlay-opacity":"","overlay-gradient":""},"mobile":{"background-color":"var(--ast-global-color-5)","background-image":"","background-repeat":"repeat","background-position":"center center","background-size":"auto","background-attachment":"scroll","background-type":"","background-media":"","overlay-type":"","overlay-color":"","overlay-opacity":"","overlay-gradient":""}},"footnotes":""},"class_list":["post-1171","page","type-page","status-publish","hentry"],"acf":[],"_links":{"self":[{"href":"https:\/\/www.ajsext.com\/en\/wp-json\/wp\/v2\/pages\/1171","targetHints":{"allow":["GET"]}}],"collection":[{"href":"https:\/\/www.ajsext.com\/en\/wp-json\/wp\/v2\/pages"}],"about":[{"href":"https:\/\/www.ajsext.com\/en\/wp-json\/wp\/v2\/types\/page"}],"author":[{"embeddable":true,"href":"https:\/\/www.ajsext.com\/en\/wp-json\/wp\/v2\/users\/83"}],"replies":[{"embeddable":true,"href":"https:\/\/www.ajsext.com\/en\/wp-json\/wp\/v2\/comments?post=1171"}],"version-history":[{"count":0,"href":"https:\/\/www.ajsext.com\/en\/wp-json\/wp\/v2\/pages\/1171\/revisions"}],"wp:attachment":[{"href":"https:\/\/www.ajsext.com\/en\/wp-json\/wp\/v2\/media?parent=1171"}],"curies":[{"name":"wp","href":"https:\/\/api.w.org\/{rel}","templated":true}]}}